{"id":7781,"date":"2026-04-22T18:47:05","date_gmt":"2026-04-22T16:47:05","guid":{"rendered":"https:\/\/ecole-resilience.fr\/?page_id=7781"},"modified":"2026-04-24T14:30:16","modified_gmt":"2026-04-24T12:30:16","slug":"event-directory-2-3","status":"publish","type":"page","link":"https:\/\/ecole-resilience.fr\/?page_id=7781","title":{"rendered":"La communaut\u00e9"},"content":{"rendered":"\n<figure class=\"wp-block-image size-full is-resized\"><img loading=\"lazy\" decoding=\"async\" width=\"1181\" height=\"227\" src=\"https:\/\/ecole-resilience.fr\/wp-content\/uploads\/2026\/03\/Communaute_2.png\" alt=\"\" class=\"wp-image-6688\" style=\"width:733px;height:auto\" srcset=\"https:\/\/ecole-resilience.fr\/wp-content\/uploads\/2026\/03\/Communaute_2.png 1181w, https:\/\/ecole-resilience.fr\/wp-content\/uploads\/2026\/03\/Communaute_2-300x58.png 300w, https:\/\/ecole-resilience.fr\/wp-content\/uploads\/2026\/03\/Communaute_2-768x148.png 768w\" sizes=\"auto, (max-width: 1181px) 100vw, 1181px\" \/><\/figure>\n\n\n\n<p>Celles et ceux qui ont contribu\u00e9 aux r\u00e9sidences d\u2019id\u00e9ation collectives de l\u2019\u00c9cole de la r\u00e9silience et\/ou \u00e0 l\u2019activation de la programmation de la saison de pr\u00e9figuration.<\/p>\n\n\n\n<div class=\"wp-block-columns is-layout-flex wp-container-core-columns-is-layout-1 wp-block-columns-is-layout-flex\" style=\"border-bottom-color:var(--wp--preset--color--contrast);border-bottom-width:1px;margin-bottom:0px;padding-top:0;padding-right:0;padding-bottom:var(--wp--preset--spacing--30);padding-left:0\">\n<div class=\"wp-block-column is-layout-flow wp-block-column-is-layout-flow\">\n<p>A<\/p>\n\n\n\n<p>Adrien Allier (mus\u00e9e des Confluences)<br>Ana\u00efs Alloix (Primev\u00e8re)<br>Pierre-Henri Alquier (mus\u00e9e des Confluences)<br>Paul Andali (Studio Paul Andali)<br>Christophe Aubry De Maraumont (Ville de Lyon)<\/p>\n\n\n\n<p>B<\/p>\n\n\n\n<p>Julien Bec (Ka\u2019f\u00eate \u00f4 m\u00f4mes)<br>Florence Bela\u00ebn (Universit\u00e9 Lyon 2)<br>Alice Bendahmane (Centres sociaux de la Croix-Rousse)<br>Estelle Berger (Strate \u00c9cole de design)<br>Laurence Berne (Ville de Lyon)<br>Gwena\u00eblle Bertrand (La Martini\u00e8re Diderot)<br>Rapha\u00ebl Besson (Villes Innovations)<br>Luisa Bissoni (Atelier Supernova)<br>Sonia Blank (Universit\u00e9 McGill)<br>Pascale Bonniel Chalier (La Terre est ronde, Conseill\u00e8re r\u00e9gionale de la M\u00e9tropole de Lyon)<br>Am\u00e9lie Bohas (Universit\u00e9 Lyon 3)<br>Yasmine Bouagga (maire, 1er arr. de Lyon)<br>Thierry Boutonnier (artiste)<br>S\u00e9bastien Bouvet (Ensba Lyon \u2013 Pratiques artistiques amateurs)<br>Florie Bresteaux (Universit\u00e9 de Gen\u00e8ve)<br>Sophie Buisson (Ferme de la Croix-Rousse)<br>Reine B\u00fcrki (Enssib)<\/p>\n<\/div>\n\n\n\n<div class=\"wp-block-column is-layout-flow wp-block-column-is-layout-flow\">\n<p>C<\/p>\n\n\n\n<p>Lena Cacchione (Union r\u00e9gionale des Scop)<br>Sol\u00e8ne Caspar-Rival (Imagineo)<br>Gilles Causse (Fabrique des Questions Simples)<br>Virginie Chaput (Elico \u2013 Universit\u00e9 Lyon 3, Cit\u00e9 anthropoc\u00e8ne)<br>Anne Chemin-Roberty (ENS Lyon, Institut Michel Serres)<br>Isabelle Chenevez (Interm\u00e8de, Kaleidoscope)<br>Alexandre Chevallier (ComUE)<br>Benjamin Chow-Petit (La Myne)<br>Jean-Pierre Chupin (Universit\u00e9 de Montr\u00e9al)<br>Marie Civil (Archipel \u2013 Maison de l\u2019architecture)<br>Paul Citron (Surface+Utile)<br>St\u00e9phanie Claudin (D\u00e9fil\u00e9 de la Biennale de la danse)<br>Anne Cognet (Insa Lyon \u2013 Centre des humanit\u00e9s)<br>Bastien Colas (Mus\u00e9e des beaux-arts de Lyon)<br>Val\u00e9rie Colomb (Sciences Po Lyon)<br>Pierre Cornu (Inrae, Cit\u00e9 anthropoc\u00e8ne)<br>Florence Cortat Roller (205ter, Cit\u00e9 anthropoc\u00e8ne)<br>Agathe Crou (S-composition)<br>St\u00e9phane Crozat (Centre de ressources de botanique appliqu\u00e9e)<\/p>\n<\/div>\n<\/div>\n\n\n\n<div class=\"wp-block-columns is-layout-flex wp-container-core-columns-is-layout-2 wp-block-columns-is-layout-flex\" style=\"border-bottom-color:var(--wp--preset--color--contrast);border-bottom-width:1px;padding-bottom:var(--wp--preset--spacing--30)\">\n<div class=\"wp-block-column is-layout-flow wp-block-column-is-layout-flow\">\n<p>D<\/p>\n\n\n\n<p>Nicolas Damon (Offisa Lyon 1er)<br>Coline David (Cin\u00e9ma Com\u0153dia)<br>Elian Delacote (Rue89 Lyon)<br>Xavier de La Selle (Mus\u00e9e Gadagne)<br>Jean-Michel Deleuil (Insa Lyon)<br>Vianney Delourme (Enlarge Your Paris, Cit\u00e9 anthropoc\u00e8ne)<br>Anouk Deraz (Universit\u00e9 Lyon 2)<br>Nicolas D\u00e9trie (Yes We Camp)<br>Jeanne Deveaux (Sciences Po Lyon \u2013 Public Factory)<br>Chlo\u00e9 Dumas (La Martini\u00e8re Diderot)<br>Fr\u00e9d\u00e9rique Duperret (Cin\u00e9ma Com\u0153dia)<br>Carole Dupon (La Martini\u00e8re Diderot)<br>Diane Dupr\u00e9 La Tour (Les petites cantines)<\/p>\n\n\n\n<p>E<\/p>\n\n\n\n<p>Clarian Enjolras (Imagineo)<br>Gilles Escarguel (Universit\u00e9 Lyon 1)<\/p>\n<\/div>\n\n\n\n<div class=\"wp-block-column is-layout-flow wp-block-column-is-layout-flow\">\n<p>F<\/p>\n\n\n\n<p>Camille Filancia (Ville de Lyon)<br>C\u00e9dric Fouilland (Universit\u00e9 Lyon 3)<br>C\u00e9cile Fournel (La Martini\u00e8re Diderot)<br>Sophie Fran\u00e7ois (Service arch\u00e9ologique de la Ville de Lyon)<br>Sylvia Fredriksson (Coop des milieux, \u00c9cole d\u2019art et de design d\u2019Orl\u00e9ans)<\/p>\n\n\n\n<p>G <\/p>\n\n\n\n<p>B\u00e9r\u00e9nice Gagne (EVS, Cit\u00e9 anthropoc\u00e8ne)<br>Corentin Gallard (M\u00e9tropole de Lyon)<br>Samuel Gattegno (Ka\u2019f\u00eate \u00f4 m\u00f4mes)<br>Damien Gautier (205ter)<br>Margaux Germain (Le centsept)<br>Jos\u00e9-Manuel Goncalves (Centquatre-Paris)<br>Laurent Graber (lfa)<br>L\u00e9andre Guignier (Universit\u00e9 Lyon 2)<br>Hubert Guillaud (essayiste)<br>Anne Guinot (Pop\u2019Sciences Mag \u2013 Universit\u00e9 de Lyon, Cit\u00e9 anthropoc\u00e8ne)<\/p>\n<\/div>\n<\/div>\n\n\n\n<div class=\"wp-block-columns is-layout-flex wp-container-core-columns-is-layout-3 wp-block-columns-is-layout-flex\" style=\"border-bottom-color:var(--wp--preset--color--contrast);border-bottom-width:1px;padding-bottom:var(--wp--preset--spacing--30)\">\n<div class=\"wp-block-column is-layout-flow wp-block-column-is-layout-flow\">\n<p>H<\/p>\n\n\n\n<p>Bruno Habouzit (Centres sociaux de la Croix-Rousse, Cit\u00e9 anthropoc\u00e8ne)<br>Corentin Herbert (ENS Lyon)<br>Samuel Hevin (Oxalis scop)<\/p>\n\n\n\n<p>J<\/p>\n\n\n\n<p>Pablo Jensen (Fabrique des Questions Simples)<br>Jean-Baptiste Joatton (La Martini\u00e8re-Diderot)<\/p>\n\n\n\n<p>K<\/p>\n\n\n\n<p>Bernard Kaufmann (Universit\u00e9 Lyon 1)<\/p>\n\n\n\n<p>L<\/p>\n\n\n\n<p>Morgan Labar (Ensba Lyon)<br>Aline Lafond-Aulas (\u00c9cole \u00e9l\u00e9mentaire Jean-Zay)<br>Marilou Laneuville (MAC Lyon)<br>Th\u00e9r\u00e8se Laroche (Ma friche urbaine)<br>Louna Lattanzi (Sorci\u00e8res du Karnaval solidaire)<br>Emmanuel Latour (Plateau Urbain)<br>St\u00e9phanie Leauthier-Massire (\u00c9cole \u00e9l\u00e9mentaire Jean-Zay)<br>Rachel Linossier (Institut d\u2019urbanisme de Lyon \u2013 Universit\u00e9 Lyon 2)<br>Michel Lussault (ENS Lyon)<br>Sylvianne Lathuili\u00e8re (MAC Lyon)<\/p>\n<\/div>\n\n\n\n<div class=\"wp-block-column is-layout-flow wp-block-column-is-layout-flow\">\n<p>M<\/p>\n\n\n\n<p>\u00c9tienne Mackiewicz (Biblioth\u00e8que municipale de Lyon)<br>Muriel Maillefert (Universit\u00e9 Lyon 3)<br>Egidio Marsico (Maison des sciences de l\u2019homme)<br>Philippe Maurin (Ville de Lyon)<br>\u00c9tienne Maury (collectif item)<br>Florence Meyssonnier (BF15)<br>Isabelle Michallet (Universit\u00e9 de Rennes, Cit\u00e9 anthropoc\u00e8ne)<br>Alain Mille (La Myne, Coexiscience)<br>La\u00ebtitia Mongeard (Universit\u00e9 Lyon 2, Cit\u00e9 anthropoc\u00e8ne)<\/p>\n\n\n\n<p>N<\/p>\n\n\n\n<p>Sabrina Novak (Centre de ressources de botanique appliqu\u00e9e)<br>Na\u00efs Novat (Service arch\u00e9ologique de la Ville de Lyon)<br>Julie Noirot (Universit\u00e9 Lyon 2)<\/p>\n\n\n\n<p>P<\/p>\n\n\n\n<p>Rapha\u00ebl Patout (ComUE)<br>Camille Paulhan (Ensba Lyon)<br>Julien Pavillard (Ville de Lyon)<br>Christian Perrin (La Martini\u00e8re Diderot)<br>Anne-Sophie Petitprez (M\u00e9tropole de Lyon \u2013 Management de la Mobilit\u00e9) <br>Xavier Ph\u00e9lut (D\u00e9fil\u00e9 de la Biennale de la danse)<br>Fran\u00e7ois Pirola (Quais du Polar, Arty Farty)<br>Victor Plotton (Des Esp\u00e8ces Parmi\u2019Lyon)<\/p>\n<\/div>\n<\/div>\n\n\n\n<div class=\"wp-block-columns is-layout-flex wp-container-core-columns-is-layout-4 wp-block-columns-is-layout-flex\" style=\"border-bottom-color:var(--wp--preset--color--contrast);border-bottom-width:1px;padding-bottom:var(--wp--preset--spacing--30)\">\n<div class=\"wp-block-column is-layout-flow wp-block-column-is-layout-flow\">\n<p>Q<\/p>\n\n\n\n<p>Lilou Quesada (Des Esp\u00e8ces Parmi\u2019Lyon)<\/p>\n\n\n\n<p>R<\/p>\n\n\n\n<p>Mathias Rabiot (Graph\u00e9ine)<br>Jean-Michel Rampon (Universit\u00e9 Lyon 2)<br>Herv\u00e9 Rivano (Insa Lyon \u2013 Inria, Cit\u00e9 anthropoc\u00e8ne)<br>Frida Roderich-Vaireaux (Ferme de la Croix-Rousse)<\/p>\n\n\n\n<p>S<\/p>\n\n\n\n<p>Fran\u00e7ois Sabatier (Aix-Marseille Universit\u00e9)<br>Vincent Salles (Universit\u00e9 Lyon 1)<br>Simon Sarazin (Opteos)<br>Millie Servant (Climax)<br>Jean-Pierre Seyvos (S-composition)<br>Laur\u00e8ne Smith (Universit\u00e9 de Montr\u00e9al)<br>Philippe Somnolet (collectif item)<br>Mathilde Steiler (Mej)<br>Pierre Suchet (photographe)<br>Sophie Suma (accra \u2013 Universit\u00e9 de Strasbourg)<br>Justine Swordy-Borie (Anciela)<\/p>\n<\/div>\n\n\n\n<div class=\"wp-block-column is-layout-flow wp-block-column-is-layout-flow\">\n<p>T<\/p>\n\n\n\n<p>Sol\u00e8ne Tadier (Insa Lyon)<br>\u00c9ric Tannier (Fabrique des Questions Simples)<br>Nina Taarabit (Alec Lyon)<br>Ana\u00eblle Thollet (Archipel \u2013 Maison de l\u2019architecture)<br>Gilles Thomas (Ferme de la Croix-Rousse)<br>Constance Tourte (Ville de Lyon \/ Strate \u00c9cole de design)<br>Katia Touzlian (Iac Villeurbanne)<br>Antoine Trollat (lfa, Cit\u00e9 anthropoc\u00e8ne)<br>Martin Turlan (Centrale Lyon)<\/p>\n\n\n\n<p>U<\/p>\n\n\n\n<p>Marc Uhry (Ville de Villeurbanne)<\/p>\n\n\n\n<p>V<\/p>\n\n\n\n<p>David Vallat (Sciences Po Lyon)<br>Niek Van De Steeg (Ensba Lyon)<br>Emmanuelle Valli (Agence Alter)<br>Alain Vargas (architecte)<br>Chlo\u00eb Vidal (\u00e9lue de la Ville de Lyon)<br>Emmanuelle Vignaud (Les petites cantines)<br>Camille Vigui\u00e9 (K1000)<br>Isabelle Vio (Cin\u00e9ma Com\u0153dia)<br>J\u00e9r\u00e9my Virgo (La Myne)<\/p>\n<\/div>\n<\/div>\n\n\n\n<div class=\"wp-block-columns is-layout-flex wp-container-core-columns-is-layout-5 wp-block-columns-is-layout-flex\">\n<div class=\"wp-block-column is-layout-flow wp-block-column-is-layout-flow\">\n<p>W<\/p>\n\n\n\n<p>Romain Weber (Maison Gutenberg)<br>Patricia Welinski (Ensba Lyon)<\/p>\n\n\n\n<p>Z<\/p>\n\n\n\n<p>Philippe Zittoun (Entpe)<\/p>\n<\/div>\n<\/div>\n","protected":false},"excerpt":{"rendered":"<p>Celles et ceux qui ont contribu\u00e9 aux r\u00e9sidences d\u2019id\u00e9ation collectives de l\u2019\u00c9cole de la r\u00e9silience et\/ou \u00e0 l\u2019activation de la programmation de la saison de pr\u00e9figuration. A Adrien Allier (mus\u00e9e des Confluences)Ana\u00efs Alloix (Primev\u00e8re)Pierre-Henri Alquier (mus\u00e9e des Confluences)Paul Andali (Studio Paul Andali)Christophe Aubry De Maraumont (Ville de Lyon) B Julien Bec (Ka\u2019f\u00eate \u00f4 m\u00f4mes)Florence Bela\u00ebn [&hellip;]<\/p>\n","protected":false},"author":1,"featured_media":0,"parent":0,"menu_order":0,"comment_status":"closed","ping_status":"closed","template":"","meta":{"inline_featured_image":false,"ngg_post_thumbnail":0,"footnotes":""},"class_list":["post-7781","page","type-page","status-publish","hentry"],"_links":{"self":[{"href":"https:\/\/ecole-resilience.fr\/index.php?rest_route=\/wp\/v2\/pages\/7781","targetHints":{"allow":["GET"]}}],"collection":[{"href":"https:\/\/ecole-resilience.fr\/index.php?rest_route=\/wp\/v2\/pages"}],"about":[{"href":"https:\/\/ecole-resilience.fr\/index.php?rest_route=\/wp\/v2\/types\/page"}],"author":[{"embeddable":true,"href":"https:\/\/ecole-resilience.fr\/index.php?rest_route=\/wp\/v2\/users\/1"}],"replies":[{"embeddable":true,"href":"https:\/\/ecole-resilience.fr\/index.php?rest_route=%2Fwp%2Fv2%2Fcomments&post=7781"}],"version-history":[{"count":6,"href":"https:\/\/ecole-resilience.fr\/index.php?rest_route=\/wp\/v2\/pages\/7781\/revisions"}],"predecessor-version":[{"id":7880,"href":"https:\/\/ecole-resilience.fr\/index.php?rest_route=\/wp\/v2\/pages\/7781\/revisions\/7880"}],"wp:attachment":[{"href":"https:\/\/ecole-resilience.fr\/index.php?rest_route=%2Fwp%2Fv2%2Fmedia&parent=7781"}],"curies":[{"name":"wp","href":"https:\/\/api.w.org\/{rel}","templated":true}]}}